{"id":2,"date":"2016-05-10T03:48:21","date_gmt":"2016-05-10T03:48:21","guid":{"rendered":"http:\/\/gh-berlin.de\/?page_id=2"},"modified":"2020-01-22T07:17:28","modified_gmt":"2020-01-22T07:17:28","slug":"sample-page","status":"publish","type":"page","link":"https:\/\/gh-berlin.de\/?page_id=2","title":{"rendered":"Impressum"},"content":{"rendered":"<div class=\"entry-content\" style=\"border: 0px;\">\n<h4 style=\"border: 0px; font-family: inherit; font-size: 13px; font-style: inherit; font-weight: inherit; margin: 0px; outline: 0px; padding: 0px; vertical-align: baseline; clear: both;\"><span style=\"color: #3a3a3a;\">Diese Webseite dient ausschlie\u00dflich f\u00fcr famili\u00e4re und \u00e4hnlich private Zwecke. Da wir die Seiten ausschlie\u00dflich zum Hochladen von Urlaubsfotos und \u00e4hnlich privater Dokumente nutzen, besteht keine Impressumspflicht.<\/span><\/h4>\n<\/div>\n","protected":false},"excerpt":{"rendered":"<p>Diese Webseite dient ausschlie\u00dflich f\u00fcr famili\u00e4re und \u00e4hnlich private Zwecke. Da wir die Seiten ausschlie\u00dflich zum Hochladen von Urlaubsfotos und \u00e4hnlich privater Dokumente nutzen, besteht keine Impressumspflicht.<\/p>\n","protected":false},"author":1,"featured_media":0,"parent":0,"menu_order":0,"comment_status":"closed","ping_status":"open","template":"","meta":{"spay_email":"","footnotes":""},"class_list":["post-2","page","type-page","status-publish","hentry"],"_links":{"self":[{"href":"https:\/\/gh-berlin.de\/index.php?rest_route=\/wp\/v2\/pages\/2","targetHints":{"allow":["GET"]}}],"collection":[{"href":"https:\/\/gh-berlin.de\/index.php?rest_route=\/wp\/v2\/pages"}],"about":[{"href":"https:\/\/gh-berlin.de\/index.php?rest_route=\/wp\/v2\/types\/page"}],"author":[{"embeddable":true,"href":"https:\/\/gh-berlin.de\/index.php?rest_route=\/wp\/v2\/users\/1"}],"replies":[{"embeddable":true,"href":"https:\/\/gh-berlin.de\/index.php?rest_route=%2Fwp%2Fv2%2Fcomments&post=2"}],"version-history":[{"count":4,"href":"https:\/\/gh-berlin.de\/index.php?rest_route=\/wp\/v2\/pages\/2\/revisions"}],"predecessor-version":[{"id":377,"href":"https:\/\/gh-berlin.de\/index.php?rest_route=\/wp\/v2\/pages\/2\/revisions\/377"}],"wp:attachment":[{"href":"https:\/\/gh-berlin.de\/index.php?rest_route=%2Fwp%2Fv2%2Fmedia&parent=2"}],"curies":[{"name":"wp","href":"https:\/\/api.w.org\/{rel}","templated":true}]}}